{"id":894,"date":"2024-01-28T18:14:41","date_gmt":"2024-01-28T17:14:41","guid":{"rendered":"https:\/\/www.dilegrej.info\/zkouska\/?page_id=894"},"modified":"2024-01-28T18:35:50","modified_gmt":"2024-01-28T17:35:50","slug":"odchovy","status":"publish","type":"page","link":"https:\/\/www.dilegrej.info\/zkouska\/odchovy\/","title":{"rendered":"Odchovy"},"content":{"rendered":"<section class=\"wpb-content-wrapper\"><p>[vc_row][vc_column width=&#8220;1\/5&#8243; icons_position=&#8220;left&#8220;][\/vc_column][vc_column width=&#8220;1\/5&#8243; icons_position=&#8220;left&#8220;][\/vc_column][vc_column width=&#8220;1\/5&#8243; icons_position=&#8220;left&#8220;]<div id=\"sc_services_1357036538\" class=\"sc_services sc_services_timeline sc_services_featured_top\"><div class=\"sc_services_content sc_item_content sc_item_posts_container sc_item_columns_1\"><div class=\"sc_services_item no_links without_content with_image sc_services_item_featured_top post-733 cpt_services type-cpt_services status-publish has-post-thumbnail hentry cpt_services_group-potomci-grejsi\"><div class=\"sc_services_item_timeline\"><\/div><div class=\"sc_services_item_marker sc_services_item_thumb\" style=\"background-image: url(https:\/\/www.dilegrej.info\/zkouska\/wp-content\/uploads\/2024\/01\/A_dilegrej-370x278.jpg);\"><\/div>\t\n\t<div class=\"sc_services_item_info\">\n\t\t\t\t<div class=\"sc_services_item_header\">\n\t\t\t\t\t\t<h6 class=\"sc_services_item_title\"><a href=\"https:\/\/www.dilegrej.info\/zkouska\/services\/a-di-le-grej\/\">&#8222;Art\u00edci a Arletky&#8220;<\/a><\/h6><div class=\"sc_services_item_subtitle\"><a href=\"https:\/\/www.dilegrej.info\/zkouska\/services_group\/potomci-grejsi\/\" title=\"View all posts in potomci Grejsi\">potomci Grejsi<\/a><\/div><\/div><\/div>\n<\/div><\/div><\/div><!-- \/.sc_services -->[\/vc_column][vc_column width=&#8220;1\/5&#8243; icons_position=&#8220;left&#8220;][\/vc_column][vc_column width=&#8220;1\/5&#8243; icons_position=&#8220;left&#8220;][\/vc_column][\/vc_row][vc_row][vc_column width=&#8220;1\/5&#8243; icons_position=&#8220;left&#8220;][\/vc_column][vc_column width=&#8220;1\/5&#8243; icons_position=&#8220;left&#8220;]<div id=\"sc_services_1399625374\" class=\"sc_services sc_services_timeline sc_services_featured_top\"><div class=\"sc_services_content sc_item_content sc_item_posts_container sc_item_columns_1\"><div class=\"sc_services_item no_links without_content with_image sc_services_item_featured_top post-541 cpt_services type-cpt_services status-publish has-post-thumbnail hentry cpt_services_group-potomci-arleta\"><div class=\"sc_services_item_timeline\"><\/div><div class=\"sc_services_item_marker sc_services_item_thumb\" style=\"background-image: url(https:\/\/www.dilegrej.info\/zkouska\/wp-content\/uploads\/2024\/01\/B_dilegrej2-370x278.jpg);\"><\/div>\t\n\t<div class=\"sc_services_item_info\">\n\t\t\t\t<div class=\"sc_services_item_header\">\n\t\t\t\t\t\t<h6 class=\"sc_services_item_title\"><a href=\"https:\/\/www.dilegrej.info\/zkouska\/services\/b-di-le-grej\/\">&#8222;Beren a Boj\u00e1rci&#8220;<\/a><\/h6><div class=\"sc_services_item_subtitle\"><a href=\"https:\/\/www.dilegrej.info\/zkouska\/services_group\/potomci-arleta\/\" title=\"View all posts in potomci Arleta\">potomci Arleta<\/a><\/div><\/div><\/div>\n<\/div><div class=\"sc_services_item no_links without_content with_image sc_services_item_featured_top post-595 cpt_services type-cpt_services status-publish has-post-thumbnail hentry cpt_services_group-potomci-arleta\"><div class=\"sc_services_item_timeline\"><\/div><div class=\"sc_services_item_marker sc_services_item_thumb\" style=\"background-image: url(https:\/\/www.dilegrej.info\/zkouska\/wp-content\/uploads\/2024\/01\/C_dilegrej-370x208.jpg);\"><\/div>\t\n\t<div class=\"sc_services_item_info\">\n\t\t\t\t<div class=\"sc_services_item_header\">\n\t\t\t\t\t\t<h6 class=\"sc_services_item_title\"><a href=\"https:\/\/www.dilegrej.info\/zkouska\/services\/c-di-le-grej\/\">&#8222;Celest\u00fdnky a Cou\u010f\u00e1ci&#8220;<\/a><\/h6><div class=\"sc_services_item_subtitle\"><a href=\"https:\/\/www.dilegrej.info\/zkouska\/services_group\/potomci-arleta\/\" title=\"View all posts in potomci Arleta\">potomci Arleta<\/a><\/div><\/div><\/div>\n<\/div><\/div><\/div><!-- \/.sc_services -->[\/vc_column][vc_column width=&#8220;1\/5&#8243; icons_position=&#8220;left&#8220;][vc_empty_space alter_height=&#8220;medium&#8220; hide_on_wide=&#8220;&#8220; hide_on_desktop=&#8220;&#8220; hide_on_notebook=&#8220;&#8220; hide_on_tablet=&#8220;&#8220; hide_on_mobile=&#8220;&#8220;][vc_single_image image=&#8220;881&#8243; img_size=&#8220;full&#8220; alignment=&#8220;center&#8220; style=&#8220;vc_box_circle_2&#8243;][\/vc_column][vc_column width=&#8220;1\/5&#8243; icons_position=&#8220;left&#8220;][\/vc_column][vc_column width=&#8220;1\/5&#8243; icons_position=&#8220;left&#8220;][\/vc_column][\/vc_row][vc_row][vc_column width=&#8220;1\/5&#8243; icons_position=&#8220;left&#8220;][\/vc_column][vc_column width=&#8220;1\/5&#8243; icons_position=&#8220;left&#8220;][\/vc_column][vc_column width=&#8220;1\/5&#8243; icons_position=&#8220;left&#8220;]<div id=\"sc_services_1779899880\" class=\"sc_services sc_services_timeline sc_services_featured_top\"><div class=\"sc_services_columns_wrap sc_item_columns sc_item_posts_container sc_item_columns_2 trx_addons_columns_wrap columns_padding_bottom no_margin\"><div class=\"trx_addons_column-1_2\"><div class=\"sc_services_item no_links without_content with_image sc_services_item_featured_top post-744 cpt_services type-cpt_services status-publish has-post-thumbnail hentry cpt_services_group-potomci-bora\"><div class=\"sc_services_item_timeline\"><\/div><div class=\"sc_services_item_marker sc_services_item_thumb\" style=\"background-image: url(https:\/\/www.dilegrej.info\/zkouska\/wp-content\/uploads\/2024\/01\/IMG_3651-370x278.jpg);\"><\/div>\t\n\t<div class=\"sc_services_item_info\">\n\t\t\t\t<div class=\"sc_services_item_header\">\n\t\t\t\t\t\t<h6 class=\"sc_services_item_title\"><a href=\"https:\/\/www.dilegrej.info\/zkouska\/services\/d-di-le-grej\/\">&#8222;Devon&#8220;<\/a><\/h6><div class=\"sc_services_item_subtitle\"><a href=\"https:\/\/www.dilegrej.info\/zkouska\/services_group\/potomci-bora\/\" title=\"View all posts in potomci Bora\">potomci Bora<\/a><\/div><\/div><\/div>\n<\/div><\/div><\/div><\/div><!-- \/.sc_services -->[\/vc_column][vc_column width=&#8220;1\/5&#8243; icons_position=&#8220;left&#8220;][\/vc_column][vc_column width=&#8220;1\/5&#8243; icons_position=&#8220;left&#8220;][\/vc_column][\/vc_row]<\/p>\n<\/section>","protected":false},"excerpt":{"rendered":"<p>[vc_row][vc_column width=&#8220;1\/5&#8243; icons_position=&#8220;left&#8220;][\/vc_column][vc_column width=&#8220;1\/5&#8243; icons_position=&#8220;left&#8220;][\/vc_column][vc_column width=&#8220;1\/5&#8243; icons_position=&#8220;left&#8220;][\/vc_column][vc_column width=&#8220;1\/5&#8243; icons_position=&#8220;left&#8220;][\/vc_column][vc_column width=&#8220;1\/5&#8243; icons_position=&#8220;left&#8220;][\/vc_column][\/vc_row][vc_row][vc_column width=&#8220;1\/5&#8243; icons_position=&#8220;left&#8220;][\/vc_column][vc_column width=&#8220;1\/5&#8243; icons_position=&#8220;left&#8220;][\/vc_column][vc_column width=&#8220;1\/5&#8243; icons_position=&#8220;left&#8220;][vc_empty_space alter_height=&#8220;medium&#8220; hide_on_wide=&#8220;&#8220; hide_on_desktop=&#8220;&#8220; hide_on_notebook=&#8220;&#8220; hide_on_tablet=&#8220;&#8220; hide_on_mobile=&#8220;&#8220;][vc_single_image image=&#8220;881&#8243; img_size=&#8220;full&#8220; alignment=&#8220;center&#8220; style=&#8220;vc_box_circle_2&#8243;][\/vc_column][vc_column width=&#8220;1\/5&#8243;&hellip;<\/p>\n","protected":false},"author":1,"featured_media":0,"parent":0,"menu_order":0,"comment_status":"closed","ping_status":"closed","template":"","meta":{"footnotes":""},"_links":{"self":[{"href":"https:\/\/www.dilegrej.info\/zkouska\/wp-json\/wp\/v2\/pages\/894"}],"collection":[{"href":"https:\/\/www.dilegrej.info\/zkouska\/wp-json\/wp\/v2\/pages"}],"about":[{"href":"https:\/\/www.dilegrej.info\/zkouska\/wp-json\/wp\/v2\/types\/page"}],"author":[{"embeddable":true,"href":"https:\/\/www.dilegrej.info\/zkouska\/wp-json\/wp\/v2\/users\/1"}],"replies":[{"embeddable":true,"href":"https:\/\/www.dilegrej.info\/zkouska\/wp-json\/wp\/v2\/comments?post=894"}],"version-history":[{"count":6,"href":"https:\/\/www.dilegrej.info\/zkouska\/wp-json\/wp\/v2\/pages\/894\/revisions"}],"predecessor-version":[{"id":900,"href":"https:\/\/www.dilegrej.info\/zkouska\/wp-json\/wp\/v2\/pages\/894\/revisions\/900"}],"wp:attachment":[{"href":"https:\/\/www.dilegrej.info\/zkouska\/wp-json\/wp\/v2\/media?parent=894"}],"curies":[{"name":"wp","href":"https:\/\/api.w.org\/{rel}","templated":true}]}}